{"id":356,"date":"2024-04-15T10:40:15","date_gmt":"2024-04-15T10:40:15","guid":{"rendered":"https:\/\/gumilar.si\/home\/"},"modified":"2024-04-27T20:06:42","modified_gmt":"2024-04-27T20:06:42","slug":"home","status":"publish","type":"page","link":"https:\/\/gumilar.si\/de\/","title":{"rendered":"Home"},"content":{"rendered":"\n<div class=\"hero alignfull\"\n    style=\"\">\n    <div class=\"hero-slider swiper\">\n\n        <div class=\"swiper-wrapper\">\n                        <div class=\"swiper-slide\">\n                <div style=\"background: url('https:\/\/gumilar.si\/wp-content\/uploads\/2024\/04\/HERO1.png'); background-size: cover; background-position: center center;\"\n                    class=\"py-24 sm:py-16 flex items-center relative sm:static justify-center min-h-[800px] sm:min-h-[900px]\">\n                    <div class=\"text-center\">\n                        <h2 class=\"text-subheading mt-24 px-24 text-primary font-light tracking-[0.75rem] hero-subheading\" style=\"hyphens: auto;\">\n                            HERSTELLUNG VON METALLKONSTRUKTIONEN <\/h2>\n                        <div class=\"text-heading px-24 !text-light hero-heading\" style=\"hyphens: auto;\">\n                            <h1>UNTERNEHMEN <strong> MIT 50 <\/strong> JAHREN TRADITION UND ERFAHRUNG<\/h1>\n                        <\/div>\n                        <div\n                            class=\"sm:relative absolute sm:bottom-0 bottom-24 sm:left-0 left-1\/2 sm:translate-x-0 translate-x-[-50%] w-[100px] m-auto text-heading\">\n                            <div class=\"swiper-button-prev !text-primary\">\n                                < <\/div>\n                                    <div class=\"swiper-button-next !text-primary\">><\/div>\n                            <\/div>\n                        <\/div>\n\n                    <\/div>\n                <\/div>\n                            <div class=\"swiper-slide\">\n                <div style=\"background: url('https:\/\/gumilar.si\/wp-content\/uploads\/2024\/04\/HERO3.png'); background-size: cover; background-position: center center;\"\n                    class=\"py-24 sm:py-16 flex items-center relative sm:static justify-center min-h-[800px] sm:min-h-[900px]\">\n                    <div class=\"text-center\">\n                        <h2 class=\"text-subheading mt-24 px-24 text-primary font-light tracking-[0.75rem] hero-subheading\" style=\"hyphens: auto;\">\n                            HERSTELLUNG VON METALLKONSTRUKTIONEN <\/h2>\n                        <div class=\"text-heading px-24 !text-light hero-heading\" style=\"hyphens: auto;\">\n                            <h1>SPEZIALISIERT AUF DIE HERSTELLUNG <strong>GR\u00d6SSERER SERIEN<\/strong><\/h1>\n                        <\/div>\n                        <div\n                            class=\"sm:relative absolute sm:bottom-0 bottom-24 sm:left-0 left-1\/2 sm:translate-x-0 translate-x-[-50%] w-[100px] m-auto text-heading\">\n                            <div class=\"swiper-button-prev !text-primary\">\n                                < <\/div>\n                                    <div class=\"swiper-button-next !text-primary\">><\/div>\n                            <\/div>\n                        <\/div>\n\n                    <\/div>\n                <\/div>\n                            <div class=\"swiper-slide\">\n                <div style=\"background: url('https:\/\/gumilar.si\/wp-content\/uploads\/2024\/04\/HERO2.png'); background-size: cover; background-position: center center;\"\n                    class=\"py-24 sm:py-16 flex items-center relative sm:static justify-center min-h-[800px] sm:min-h-[900px]\">\n                    <div class=\"text-center\">\n                        <h2 class=\"text-subheading mt-24 px-24 text-primary font-light tracking-[0.75rem] hero-subheading\" style=\"hyphens: auto;\">\n                            HERSTELLUNG VON METALLKONSTRUKTIONEN <\/h2>\n                        <div class=\"text-heading px-24 !text-light hero-heading\" style=\"hyphens: auto;\">\n                            <h1>SCHNELLE <strong>REAKTIONSZEITEN<\/strong> UND KURZE <strong>LIEFERFRISTEN<\/strong><\/h1>\n                        <\/div>\n                        <div\n                            class=\"sm:relative absolute sm:bottom-0 bottom-24 sm:left-0 left-1\/2 sm:translate-x-0 translate-x-[-50%] w-[100px] m-auto text-heading\">\n                            <div class=\"swiper-button-prev !text-primary\">\n                                < <\/div>\n                                    <div class=\"swiper-button-next !text-primary\">><\/div>\n                            <\/div>\n                        <\/div>\n\n                    <\/div>\n                <\/div>\n                            <\/div>\n        <\/div>\n    <\/div>\n\n    <script>\n    const heroSlider = new Swiper(\".hero-slider\", {\n        direction: 'horizontal',\n        autoplay: {\n                delay: 5000,\n              },\n        navigation: {\n            nextEl: '.swiper-button-next',\n            prevEl: '.swiper-button-prev',\n        },\n    });\n    <\/script>\n\t\n\t<style>\n\t\t@media (max-width: 768px) {\n\t\t\t.hero-heading, .hero-subheading{\t\n\t\t\t padding: 0 15px!important;\n\t\t\t}\n\t\t}\n\t<\/style>\n\n\n\n<div class=\"about-us-index alignfull\"\n    style=\"\">\n    <div class=\"container mx-auto my-10 lg:mt-20 mt-16 md:px-10\">\n        <div class=\"flex lg:gap-24 lg:flex-row flex-col-reverse lg:bg-transparent\">\n            <img decoding=\"async\" src=\"https:\/\/gumilar.si\/wp-content\/uploads\/2024\/04\/about_us_index_photo-1.png\" alt=\"about_us_index_photo\" class=\"lg:w-[43%] lg:mx-0 mx-3 my-0 shadow-2xl\">\n            <div class=\"content flex flex-col justify-center lg:w-[57%] px-6 lg:px-0 pt-16 lg:pt-0 lg:bg-transparent bg-[#2C2C2C]\">\n                <div class=\"flex flex-row gap-x-8\">\n                    <div class=\"lg:h-4 lg:w-24 h-2 w-16 bg-primary lg:min-w-24 min-w-[56px] lg:mt-[47px] sm:mt-[54px] mt-[30px]\"><\/div>\n                    <h2 class=\"sm:text-display tracking-widest text-displayMobile mt-0 mb-12\"><strong>\u00dcBER UNS<\/strong><\/h2>\n                <\/div>\n                <div class=\"sm:text-body text-bodyMobile\"><p>Wir sind das Familienunternehmen Gumilar mit langj\u00e4hriger Erfahrung, das <strong>1974<\/strong> gegr\u00fcndet wurde. Unsere Anf\u00e4nge lagen im Bereich verschiedener Schlosserarbeiten, der Wartung und Reparatur von landwirtschaftlicher Mechanik und sp\u00e4ter in der Herstellung von geschmiedeten Metallz\u00e4unen.<\/p>\n<\/div>\n                <a href=\"https:\/\/gumilar.si\/de\/ueber-uns\/\" class=\"button\">MEHR<\/a>\n\n                <div class=\"flex flex-col additional-links \">\n                                        <a href=\"https:\/\/gumilar.si\/de\/beschaeftigung\/\">ANSTELLUNG<\/a>\n                                        <a href=\"https:\/\/gumilar.si\/de\/zertifikate\">ZERTIFIKATE<\/a>\n                                    <\/div>\n            <\/div>\n        <\/div>\n    <\/div>\n<\/div>\n\n\n\n<div class=\"services-index alignfull my-20\"\n    style=\"\">\n    <div class=\" mb-20\">\n        <div class=\"container mx-auto px-8\">\n            <div class=\"flex flex-row gap-x-8\">\n                <div class=\"lg:h-4 lg:w-24 h-2 w-16 bg-primary lg:min-w-24 min-w-[56px] lg:mt-[47px] sm:mt-[54px] mt-[30px]\"><\/div>\n                <h2 class=\"sm:text-display text-displayMobile tracking-widest text-bold mt-0 hyphens-manual\" style=\"font-weight: 700;\"><strong>DIENSTLEISTUNGEN<\/strong><\/h2>\n            <\/div>\n        <\/div>\n        <div class=\"px-4\">\n            <div thumbsSlider=\"\" class=\"swiper services-slider sm:!px-0 !px-16\">\n                <div class=\"swiper-wrapper\">\n                                        <div class=\"swiper-slide\">\n\n                        <div class=\"absolute top-0 left-0 w-full h-full card-background\"\n                            style=\"background: url('https:\/\/gumilar.si\/wp-content\/uploads\/2024\/04\/IMG_4247.jpg'); background-size: cover; background-position: center center;\">\n                        <\/div>\n                        <div class=\"card pt-16 pb-4 px-8 text-center relative z-20 min-h-[390px]\">\n                                                        <span class=\"text-primary text-small\">PRODUKTE<\/span>\n                                                                <a href=\"https:\/\/gumilar.si\/de\/produkte-und-dienstleistungen\/?slide=0\" class=\"!no-underline\">\n\n                            <h3 class=\"sm:text-subheading text-body text-bold\" style=\"font-weight: 700; hyphens: auto;\"><strong>Laserschneiden von Blechen<\/strong><\/h3>\n                                    <\/a>\n\n                            <div class=\"h-3 bg-primary w-12 mx-auto mt-10 opacity-0 line\"><\/div>\n                        <\/div>\n                    <\/div>\n                                        <div class=\"swiper-slide\">\n\n                        <div class=\"absolute top-0 left-0 w-full h-full card-background\"\n                            style=\"background: url('https:\/\/gumilar.si\/wp-content\/uploads\/2024\/04\/IMG_4295.jpg'); background-size: cover; background-position: center center;\">\n                        <\/div>\n                        <div class=\"card pt-16 pb-4 px-8 text-center relative z-20 min-h-[390px]\">\n                                                        <span class=\"text-primary text-small\">PRODUKTE<\/span>\n                                                                <a href=\"https:\/\/gumilar.si\/de\/produkte-und-dienstleistungen\/?slide=1\" class=\"!no-underline\">\n\n                            <h3 class=\"sm:text-subheading text-body text-bold\" style=\"font-weight: 700; hyphens: auto;\"><strong>Laserschneiden von Rohren<\/strong><\/h3>\n                                    <\/a>\n\n                            <div class=\"h-3 bg-primary w-12 mx-auto mt-10 opacity-0 line\"><\/div>\n                        <\/div>\n                    <\/div>\n                                        <div class=\"swiper-slide\">\n\n                        <div class=\"absolute top-0 left-0 w-full h-full card-background\"\n                            style=\"background: url('https:\/\/gumilar.si\/wp-content\/uploads\/2024\/04\/IMG_4386.jpg'); background-size: cover; background-position: center center;\">\n                        <\/div>\n                        <div class=\"card pt-16 pb-4 px-8 text-center relative z-20 min-h-[390px]\">\n                                                        <span class=\"text-primary text-small\">PRODUKTE<\/span>\n                                                                <a href=\"https:\/\/gumilar.si\/de\/produkte-und-dienstleistungen\/?slide=2\" class=\"!no-underline\">\n\n                            <h3 class=\"sm:text-subheading text-body text-bold\" style=\"font-weight: 700; hyphens: auto;\"><strong>Blechbiegen<\/strong><\/h3>\n                                    <\/a>\n\n                            <div class=\"h-3 bg-primary w-12 mx-auto mt-10 opacity-0 line\"><\/div>\n                        <\/div>\n                    <\/div>\n                                        <div class=\"swiper-slide\">\n\n                        <div class=\"absolute top-0 left-0 w-full h-full card-background\"\n                            style=\"background: url('https:\/\/gumilar.si\/wp-content\/uploads\/2024\/04\/IMG_4055.jpg'); background-size: cover; background-position: center center;\">\n                        <\/div>\n                        <div class=\"card pt-16 pb-4 px-8 text-center relative z-20 min-h-[390px]\">\n                                                        <span class=\"text-primary text-small\">PRODUKTE<\/span>\n                                                                <a href=\"https:\/\/gumilar.si\/de\/produkte-und-dienstleistungen\/?slide=3\" class=\"!no-underline\">\n\n                            <h3 class=\"sm:text-subheading text-body text-bold\" style=\"font-weight: 700; hyphens: auto;\"><strong>Roboterschwei\u00dfen<\/strong><\/h3>\n                                    <\/a>\n\n                            <div class=\"h-3 bg-primary w-12 mx-auto mt-10 opacity-0 line\"><\/div>\n                        <\/div>\n                    <\/div>\n                                        <div class=\"swiper-slide\">\n\n                        <div class=\"absolute top-0 left-0 w-full h-full card-background\"\n                            style=\"background: url('https:\/\/gumilar.si\/wp-content\/uploads\/2024\/04\/IMG_4167.jpg'); background-size: cover; background-position: center center;\">\n                        <\/div>\n                        <div class=\"card pt-16 pb-4 px-8 text-center relative z-20 min-h-[390px]\">\n                                                        <span class=\"text-primary text-small\">PRODUKTE<\/span>\n                                                                <a href=\"https:\/\/gumilar.si\/de\/produkte-und-dienstleistungen\/?slide=4\" class=\"!no-underline\">\n\n                            <h3 class=\"sm:text-subheading text-body text-bold\" style=\"font-weight: 700; hyphens: auto;\"><strong>Handschwei\u00dfen<\/strong><\/h3>\n                                    <\/a>\n\n                            <div class=\"h-3 bg-primary w-12 mx-auto mt-10 opacity-0 line\"><\/div>\n                        <\/div>\n                    <\/div>\n                                        <div class=\"swiper-slide\">\n\n                        <div class=\"absolute top-0 left-0 w-full h-full card-background\"\n                            style=\"background: url('https:\/\/gumilar.si\/wp-content\/uploads\/2024\/04\/servicebg.png'); background-size: cover; background-position: center center;\">\n                        <\/div>\n                        <div class=\"card pt-16 pb-4 px-8 text-center relative z-20 min-h-[390px]\">\n                                                        <span class=\"text-primary text-small\">DIENSTLEISTUNGEN<\/span>\n                                                                <a href=\"https:\/\/gumilar.si\/de\/produkte-und-dienstleistungen\/?slide=5\" class=\"!no-underline\">\n\n                            <h3 class=\"sm:text-subheading text-body text-bold\" style=\"font-weight: 700; hyphens: auto;\"><strong>Profilschneiden<\/strong><\/h3>\n                                    <\/a>\n\n                            <div class=\"h-3 bg-primary w-12 mx-auto mt-10 opacity-0 line\"><\/div>\n                        <\/div>\n                    <\/div>\n                                        <div class=\"swiper-slide\">\n\n                        <div class=\"absolute top-0 left-0 w-full h-full card-background\"\n                            style=\"background: url('https:\/\/gumilar.si\/wp-content\/uploads\/2024\/04\/servicebg.png'); background-size: cover; background-position: center center;\">\n                        <\/div>\n                        <div class=\"card pt-16 pb-4 px-8 text-center relative z-20 min-h-[390px]\">\n                                                        <span class=\"text-primary text-small\">DIENSTLEISTUNGEN<\/span>\n                                                                <a href=\"https:\/\/gumilar.si\/de\/produkte-und-dienstleistungen\/?slide=6\" class=\"!no-underline\">\n\n                            <h3 class=\"sm:text-subheading text-body text-bold\" style=\"font-weight: 700; hyphens: auto;\"><strong>Stanzen<\/strong><\/h3>\n                                    <\/a>\n\n                            <div class=\"h-3 bg-primary w-12 mx-auto mt-10 opacity-0 line\"><\/div>\n                        <\/div>\n                    <\/div>\n                                    <\/div>\n                <div class=\"swiper-pagination font-recursive\"><\/div>\n                <div class=\"relative w-[100px] m-auto text-heading h-[80px]\">\n                    <div class=\"swiper-button-prev !text-primary\">\n                        < <\/div>\n                            <div class=\"swiper-button-next !text-primary\">><\/div>\n                    <\/div>\n                <\/div>\n            <\/div>\n        <\/div>\n    <\/div>\n\n<script>\n\t\n\t  var wrapper = document.querySelector('.services-slider .swiper-wrapper');\n  var originalSlides = wrapper.querySelectorAll('.swiper-slide');\n  var totalOriginal = originalSlides.length;\n  originalSlides.forEach(function(slide) {\n      wrapper.appendChild(slide.cloneNode(true));\n  });\n\t\nconst servicesSlider = new Swiper('.services-slider', {\n    slidesPerView: 1,\n    spaceBetween: 15,\n    loop: true,\n    centeredSlides: true,\n    navigation: {\n        nextEl: '.swiper-button-next',\n        prevEl: '.swiper-button-prev',\n    },\n    pagination: {\n        el: \".swiper-pagination\",\n        type: \"fraction\",\n\t\tformatFractionCurrent: function(number) {\n          return ((number - 1) % totalOriginal) + 1;\n      \t},\n      \tformatFractionTotal: function() {\n          return totalOriginal;\n    \t},\n\t},\n    breakpoints: {\n        625: {\n            slidesPerView: 2,\n            spaceBetween: 15,\n            loop: true,\n        },\n        1280: {\n            slidesPerView: 5,\n            spaceBetween: 15,\n            loop: true,\n        },\n        1540: {\n            slidesPerView: 5,\n            spaceBetween: 30,\n            loop: true,\n        }\n    }\n});\n<\/script>\n\n\n\n<div class=\"demand-index alignfull my-20 lg:mx-0 \"\n    style=\"\">\n    <div class=\"container mx-auto\">\n        \n        <div class=\"flex lg:gap-24 lg:flex-row flex-col-reverse \">\n            <img decoding=\"async\" src=\"https:\/\/gumilar.si\/wp-content\/uploads\/2024\/04\/demand_index_photo-1.png\" alt=\"demand_index_photo\"\n                class=\"lg:w-[43%] my-0 object-cover sm:sm-0 shadow-2xl mx-3 lg:mx-0 mt-0\">\n        \n            <div class=\"content lg:p-0 p-8 lg:pt-0 pt-16 flex flex-col justify-center lg:mb-0 lg:w-[54%] xl:w-[54%] bg-[#2C2C2C] lg:bg-transparent\">\n                <div class=\"flex flex-row gap-x-8\">\n                    <div class=\"lg:h-4 lg:w-24 h-2 w-16 bg-primary lg:min-w-24 min-w-[56px] lg:mt-[47px] sm:mt-[54px] mt-[30px]\"><\/div>\n                    <h2 class=\"sm:text-display text-displayMobile tracking-widest font-bold mt-0 mb-12 hyphens-manual\">KONTAKTFORMULAR<\/h2>\n                <\/div>\n                \n<div class=\"wpcf7 no-js\" id=\"wpcf7-f390-o1\" lang=\"de-DE\" dir=\"ltr\" data-wpcf7-id=\"390\">\n<div class=\"screen-reader-response\"><p role=\"status\" aria-live=\"polite\" aria-atomic=\"true\"><\/p> <ul><\/ul><\/div>\n<form action=\"\/de\/wp-json\/wp\/v2\/pages\/356#wpcf7-f390-o1\" method=\"post\" class=\"wpcf7-form init\" aria-label=\"Kontaktformular\" novalidate=\"novalidate\" data-status=\"init\">\n<fieldset class=\"hidden-fields-container\"><input type=\"hidden\" name=\"_wpcf7\" value=\"390\" \/><input type=\"hidden\" name=\"_wpcf7_version\" value=\"6.1.5\" \/><input type=\"hidden\" name=\"_wpcf7_locale\" value=\"de_DE\" \/><input type=\"hidden\" name=\"_wpcf7_unit_tag\" value=\"wpcf7-f390-o1\" \/><input type=\"hidden\" name=\"_wpcf7_container_post\" value=\"0\" \/><input type=\"hidden\" name=\"_wpcf7_posted_data_hash\" value=\"\" \/><input type=\"hidden\" name=\"_wpcf7_recaptcha_response\" value=\"\" \/>\n<\/fieldset>\n<p><span class=\"wpcf7-form-control-wrap\" data-name=\"your-name\"><input size=\"40\" maxlength=\"400\" class=\"wpcf7-form-control wpcf7-text wpcf7-validates-as-required\" autocomplete=\"name\" aria-required=\"true\" aria-invalid=\"false\" placeholder=\"NAME UND NACHNAME\" value=\"\" type=\"text\" name=\"your-name\" \/><\/span><br \/>\n<span class=\"wpcf7-form-control-wrap\" data-name=\"your-email\"><input size=\"40\" maxlength=\"400\" class=\"wpcf7-form-control wpcf7-email wpcf7-validates-as-required wpcf7-text wpcf7-validates-as-email\" autocomplete=\"email\" aria-required=\"true\" aria-invalid=\"false\" placeholder=\"E-MAIL-ADRESSE\" value=\"\" type=\"email\" name=\"your-email\" \/><\/span><br \/>\n<span class=\"wpcf7-form-control-wrap\" data-name=\"your-phone\"><input size=\"40\" maxlength=\"400\" class=\"wpcf7-form-control wpcf7-tel wpcf7-validates-as-required wpcf7-text wpcf7-validates-as-tel\" aria-required=\"true\" aria-invalid=\"false\" placeholder=\"TELEFONNUMMER\" value=\"\" type=\"tel\" name=\"your-phone\" \/><\/span><br \/>\n<span class=\"wpcf7-form-control-wrap\" data-name=\"your-subject\"><input size=\"40\" maxlength=\"400\" class=\"wpcf7-form-control wpcf7-text wpcf7-validates-as-required\" aria-required=\"true\" aria-invalid=\"false\" placeholder=\"THEMA\" value=\"\" type=\"text\" name=\"your-subject\" \/><\/span><br \/>\n<span class=\"wpcf7-form-control-wrap\" data-name=\"your-message\"><textarea cols=\"40\" rows=\"10\" maxlength=\"2000\" class=\"wpcf7-form-control wpcf7-textarea wpcf7-validates-as-required\" aria-required=\"true\" aria-invalid=\"false\" placeholder=\"IHRE NACHRICHT\" name=\"your-message\"><\/textarea><\/span><br \/>\n<input class=\"wpcf7-form-control wpcf7-submit has-spinner\" type=\"submit\" value=\"SENDEN\" \/>\n<\/p><div class=\"wpcf7-response-output\" aria-hidden=\"true\"><\/div>\n<\/form>\n<\/div>\n            <\/div>\n        <\/div>\n    <\/div>\n<\/div>\n\n\n<script>\n    var fileInput = document.querySelector('input[name=\"file-upload\"]');\n    var label = document.querySelector('label[for=\"file-upload\"]');\n    var fileNameElement = document.querySelector('#file-name');\n\n\tif (fileInput && label && fileNameElement) {\n\t\tfileInput.addEventListener('change', function() {\n\t\t\tvar file = fileInput.files[0];\n\t\t\tfileNameElement.textContent = file.name;\n\t\t});\n\n\t\tlabel.addEventListener('click', function() {\n\t\t\tfileInput.click();\n\t\t});\n\t}\n<\/script>\n\n\n<div class=\"cta alignfull my-20 \"\n    style=\"\">\n    <div class=\"container mx-auto \">\n        <div class=\"flex justify-between lg:flex-row gap-8 bg-black flex-col\">\n            <div class=\"lg:py-16 pt-10 pb-0 px-8 lg:px-0 bg-black\">\n                <div class=\"flex flex-row gap-x-8\">\n                    <div class=\"lg:h-4 lg:w-24 h-2 w-16 bg-primary lg:min-w-24 min-w-[56px] lg:mt-[47px] mt-[30px]\"><\/div>\n                <h2 class=\"lg:text-display text-displayMobile tracking-widest text-bold my-0 hyphens-manual font-bold\"><strong>HABEN SIE INTERESSE, TEIL UNSERES TEAMS ZU WERDEN?<\/strong><\/h2>\n                <\/div>\n                <p class=\"lg:ml-[142px] lg:text-body text-bodyMobile mt-10 text-[#BABABA]\">Schauen Sie sich gerne unsere aktuellen Stellenausschreibungen an oder senden Sie uns einfach Ihren Lebenslauf zu.<\/p>\n            <\/div>\n\n                        <div class=\" self-center lg:pr-8 pr-0\">\n                <a href=\"https:\/\/gumilar.si\/de\/beschaeftigung\/\" class=\"button !mt-0 lg:!mt-auto\">BESCH\u00c4FTIGUNG<\/a>\n            <\/div>\n\n                    <\/div>\n    <\/div>\n<\/div>\n","protected":false},"excerpt":{"rendered":"","protected":false},"author":1,"featured_media":0,"parent":0,"menu_order":0,"comment_status":"closed","ping_status":"open","template":"","meta":{"_acf_changed":false,"footnotes":""},"class_list":["post-356","page","type-page","status-publish","hentry"],"acf":[],"_links":{"self":[{"href":"https:\/\/gumilar.si\/de\/wp-json\/wp\/v2\/pages\/356","targetHints":{"allow":["GET"]}}],"collection":[{"href":"https:\/\/gumilar.si\/de\/wp-json\/wp\/v2\/pages"}],"about":[{"href":"https:\/\/gumilar.si\/de\/wp-json\/wp\/v2\/types\/page"}],"author":[{"embeddable":true,"href":"https:\/\/gumilar.si\/de\/wp-json\/wp\/v2\/users\/1"}],"replies":[{"embeddable":true,"href":"https:\/\/gumilar.si\/de\/wp-json\/wp\/v2\/comments?post=356"}],"version-history":[{"count":4,"href":"https:\/\/gumilar.si\/de\/wp-json\/wp\/v2\/pages\/356\/revisions"}],"predecessor-version":[{"id":416,"href":"https:\/\/gumilar.si\/de\/wp-json\/wp\/v2\/pages\/356\/revisions\/416"}],"wp:attachment":[{"href":"https:\/\/gumilar.si\/de\/wp-json\/wp\/v2\/media?parent=356"}],"curies":[{"name":"wp","href":"https:\/\/api.w.org\/{rel}","templated":true}]}}