{"id":362,"date":"2024-04-15T14:23:54","date_gmt":"2024-04-15T14:23:54","guid":{"rendered":"https:\/\/gumilar.si\/ueber-uns\/"},"modified":"2024-04-27T16:54:24","modified_gmt":"2024-04-27T16:54:24","slug":"ueber-uns","status":"publish","type":"page","link":"https:\/\/gumilar.si\/de\/ueber-uns\/","title":{"rendered":"\u00dcber uns"},"content":{"rendered":"\n<div class=\"content-block alignfull z-20 mb-20\"\n    style=\"\">\n    <div class=\"container mx-auto lg:pt-48 pt-36 \">\n        <div class=\"flex lg:px-20 m-auto\">\n            <img decoding=\"async\" src=\"https:\/\/gumilar.si\/wp-content\/uploads\/2024\/04\/about-us-content-image.png\" alt=\"about-us-content-image\"\n                class=\"md:w-[46%] w-full object-contain my-0 self-start mt-8 hidden lg:block\">\n            <div class=\"content flex flex-col justify-center w-full lg:w-[54%] bg-[#2C2C2C]  lg:pt-20 pt-8 lg:pb-10\">\n                <div class=\"flex flex-row gap-x-8 lg:px-10 px-8\">\n                <div class=\"lg:h-4 lg:w-24 h-2 w-16 bg-primary lg:min-w-24 min-w-[56px] lg:mt-[47px] sm:mt-[30px] mt-[30px]\"><\/div>\n\n                <h2 class=\"lg:text-display text-displayMobile tracking-widest mt-0 lg:mb-12 mb-0 font-bold hyphens-manual\">\n                    \u00dcBER UNS<\/h2>\n                <\/div>\n                <div class='sm:text-body text-bodyMobile lg:px-10 px-8 leading-8 text-[#BABABA]'>\n                    <p>Wir sind das Familienunternehmen Gumilar mit langj\u00e4hriger Erfahrung, das <strong>1974<\/strong> gegr\u00fcndet wurde. Unsere Anf\u00e4nge lagen im Bereich verschiedener Schlosserarbeiten, der Wartung und Reparatur von landwirtschaftlicher Mechanik und sp\u00e4ter in der Herstellung von geschmiedeten Metallz\u00e4unen.<\/p>\n<p>Da unsere Produktion von Jahr zu Jahr gewachsen ist, haben wir sie auf die Metallumformung umgestellt und begonnen, Metallprodukte und Metallkonstruktionen in gr\u00f6\u00dferen Serien herzustellen.<\/p>\n                <\/div>\n                <div class=\"block lg:hidden px-3 lg:px-0 bg-[#212121]\">\n                    <img decoding=\"async\" src=\"https:\/\/gumilar.si\/wp-content\/uploads\/2024\/04\/about-us-content-image.png\" alt=\"about-us-content-image\"\n                        class=\"w-full object-contain my-0 self-start \">\n                <\/div>\n                                <div class=\"sm:text-body text-displayMobile lg:px-10 px-8 leading-8 text-[#BABABA] pb-6\">\n                    <p>Im Jahr 2015 haben wir das Unternehmen durch den Kauf eines Schwei\u00dfroboters erweitert. Aufgrund des gestiegenen Arbeitsvolumens und des Wunsches nach technologisch noch modernerer und ausgefeilter Produktion bedeutete das Jahr 2021 f\u00fcr uns einen gro\u00dfen Schritt nach vorne, da wir die Produktion zus\u00e4tzlich mit dem Kauf eines neuen Laserschneiders f\u00fcr Bleche und eines Laserschneiders f\u00fcr Rohre erweitert haben und im Jahr 2024 auch eine Blechbiegemaschine erworben haben.<\/p>\n<p>Auf diese Weise haben wir unseren aktuellen und zuk\u00fcnftigen Kunden effiziente Dienstleistungen erm\u00f6glicht sowie Produkte von hoher technologischer Qualit\u00e4t zu wettbewerbsf\u00e4higen Preisen.<\/p>\n                <\/div>\n                                <div class=\"lg:px-10 px-8 leading-8 bg-[#212121] lg:bg-transparent\n                \">\n                    <div class=\"images flex gap-8\">\n                                            <\/div>\n                <\/div>\n            <\/div>\n        <\/div>\n    <\/div>\n<\/div>\n\n\n\n<div class=\"cards alignfull my-20\"\n    style=\"\">\n    <div class=\"container mx-auto overflow-hidden\">\n        <div class=\"flex flex-wrap justify-between lg:px-20  m-auto gap-8\">\n                        <div class=\"card text-center xl:w-[42%] w-full border-2 p-4 mb-8 border-primary\">\n                <h3 class=\"text-displayMobile tracking-widest font-light text-primary mb-0 mt-10 leading-snug\">UNSERE MISSION<\/h3>\n                \t\t\t\t                <div class=\"h-2 mx-auto my-10 bg-[#BABABA] w-20\"><\/div>\n\t\t\t\t\n\t\t\t\t                <div class=\"content mt-0\">\n                    <p style=\"text-align: center;\"><span style=\"color: #9fe1ff;\">Unsere Mission ist es, die Bed\u00fcrfnisse unserer Kunden zu erf\u00fcllen und das Vertrauen zu erhalten, das wir im Laufe der langj\u00e4hrigen Zusammenarbeit aufgebaut haben. Die Grundlage unserer Arbeit bilden die Erfahrung, das Wissen und die Professionalit\u00e4t unserer Mitarbeiter, denen wir ein angenehmes Arbeitsumfeld bieten m\u00f6chten.<\/span><\/p>\n                <\/div>\n            <\/div>\n                        <div class=\"card text-center xl:w-[54%] w-full border-2 p-4 mb-8 border-primary\">\n                <h3 class=\"text-displayMobile tracking-widest font-light text-primary mb-0 mt-10 leading-snug\">UNSERE VISION<\/h3>\n                \t\t\t\t                <div class=\"h-2 mx-auto my-10 bg-[#BABABA] w-20\"><\/div>\n\t\t\t\t\n\t\t\t\t                <div class=\"content mt-0\">\n                    <p style=\"text-align: center;\"><span style=\"color: #9fe1ff;\">Bei Gumilar streben wir nach einer st\u00e4ndigen Weiterentwicklung des Unternehmens, der Aufrechterhaltung der Produktqualit\u00e4t sowie der Steigerung der Bekanntheit auf dem in- und ausl\u00e4ndischen Markt, um ein qualitativ hochwertiger und preislich wettbewerbsf\u00e4higer Anbieter zu bleiben.<\/span><\/p>\n                <\/div>\n            <\/div>\n                    <\/div>\n    <\/div>\n<\/div>\n","protected":false},"excerpt":{"rendered":"","protected":false},"author":1,"featured_media":0,"parent":0,"menu_order":0,"comment_status":"closed","ping_status":"closed","template":"","meta":{"_acf_changed":false,"footnotes":""},"class_list":["post-362","page","type-page","status-publish","hentry"],"acf":[],"_links":{"self":[{"href":"https:\/\/gumilar.si\/de\/wp-json\/wp\/v2\/pages\/362","targetHints":{"allow":["GET"]}}],"collection":[{"href":"https:\/\/gumilar.si\/de\/wp-json\/wp\/v2\/pages"}],"about":[{"href":"https:\/\/gumilar.si\/de\/wp-json\/wp\/v2\/types\/page"}],"author":[{"embeddable":true,"href":"https:\/\/gumilar.si\/de\/wp-json\/wp\/v2\/users\/1"}],"replies":[{"embeddable":true,"href":"https:\/\/gumilar.si\/de\/wp-json\/wp\/v2\/comments?post=362"}],"version-history":[{"count":2,"href":"https:\/\/gumilar.si\/de\/wp-json\/wp\/v2\/pages\/362\/revisions"}],"predecessor-version":[{"id":365,"href":"https:\/\/gumilar.si\/de\/wp-json\/wp\/v2\/pages\/362\/revisions\/365"}],"wp:attachment":[{"href":"https:\/\/gumilar.si\/de\/wp-json\/wp\/v2\/media?parent=362"}],"curies":[{"name":"wp","href":"https:\/\/api.w.org\/{rel}","templated":true}]}}