{"id":366,"date":"2024-04-15T14:24:30","date_gmt":"2024-04-15T14:24:30","guid":{"rendered":"https:\/\/gumilar.si\/certifikati\/"},"modified":"2024-04-27T20:06:50","modified_gmt":"2024-04-27T20:06:50","slug":"zertifikate","status":"publish","type":"page","link":"https:\/\/gumilar.si\/de\/zertifikate\/","title":{"rendered":"Zertifikate"},"content":{"rendered":"\n<div class=\"content-block alignfull z-20 mb-20\"\n    style=\"\">\n    <div class=\"container mx-auto lg:pt-48 pt-36 \">\n        <div class=\"flex lg:px-20 m-auto\">\n            <img decoding=\"async\" src=\"https:\/\/gumilar.si\/wp-content\/uploads\/2024\/04\/certifikatiImage.png\" alt=\"certifikatiImage\"\n                class=\"md:w-[46%] w-full object-contain my-0 self-start mt-8 hidden lg:block\">\n            <div class=\"content flex flex-col justify-center w-full lg:w-[54%] bg-[#2C2C2C]  lg:pt-20 pt-8 lg:pb-10\">\n                <div class=\"flex flex-row gap-x-8 lg:px-10 px-8\">\n                <div class=\"lg:h-4 lg:w-24 h-2 w-16 bg-primary lg:min-w-24 min-w-[56px] lg:mt-[47px] sm:mt-[30px] mt-[30px]\"><\/div>\n\n                <h2 class=\"lg:text-display text-displayMobile tracking-widest mt-0 lg:mb-12 mb-0 font-bold hyphens-manual\">\n                    ZERTIFIKATE<\/h2>\n                <\/div>\n                <div class='sm:text-body text-bodyMobile lg:px-10 px-8 leading-8 text-[#BABABA]'>\n                    <p>Unsere Schwei\u00dfer sind gem\u00e4\u00df den erhaltenen Zertifikaten nach dem Standard EN 1090-2:2018; EXC3 gem\u00e4\u00df EN 1090-2 zertifiziert.<\/p>\n<p>Gleichzeitig haben wir Zertifikate gem\u00e4\u00df der geltenden Bauproduktenverordnung erhalten, die von der Firma T\u00dcV S\u00dcD Sava d.o.o. nach den unten aufgef\u00fchrten Standards zertifiziert wurden:<\/p>\n<ul>\n<li><strong>EN 1090-1: 2009+A1:2011 <\/strong><\/li>\n<li><strong>0036-CPR-1090-1.00212; T\u00dcV S\u00dcD-W-0434.2017.001<\/strong><\/li>\n<li><strong>EN ISO 3834-3; T\u00dcV S\u00dcD-W-0434.2017.001<\/strong><\/li>\n<\/ul>\n                <\/div>\n                <div class=\"block lg:hidden px-3 lg:px-0 bg-[#212121]\">\n                    <img decoding=\"async\" src=\"https:\/\/gumilar.si\/wp-content\/uploads\/2024\/04\/certifikatiImage.png\" alt=\"certifikatiImage\"\n                        class=\"w-full object-contain my-0 self-start \">\n                <\/div>\n                                <div class=\"lg:px-10 px-8 leading-8 bg-[#212121] lg:bg-transparent\n                \">\n                    <div class=\"images flex gap-8\">\n                                                <div class=\"image\">\n                            <img decoding=\"async\" src=\"https:\/\/gumilar.si\/wp-content\/uploads\/2024\/04\/TUV_Sud_logo.png\" alt=\"TU\u0308V_Su\u0308d_logo\" class=\"\">\n                        <\/div>\n                                                <div class=\"image\">\n                            <img decoding=\"async\" src=\"https:\/\/gumilar.si\/wp-content\/uploads\/2024\/04\/iiw_logo-edited.png\" alt=\"iiw_logo-edited\" class=\"\">\n                        <\/div>\n                                            <\/div>\n                <\/div>\n            <\/div>\n        <\/div>\n    <\/div>\n<\/div>\n","protected":false},"excerpt":{"rendered":"","protected":false},"author":1,"featured_media":0,"parent":0,"menu_order":0,"comment_status":"closed","ping_status":"closed","template":"","meta":{"_acf_changed":false,"footnotes":""},"class_list":["post-366","page","type-page","status-publish","hentry"],"acf":[],"_links":{"self":[{"href":"https:\/\/gumilar.si\/de\/wp-json\/wp\/v2\/pages\/366","targetHints":{"allow":["GET"]}}],"collection":[{"href":"https:\/\/gumilar.si\/de\/wp-json\/wp\/v2\/pages"}],"about":[{"href":"https:\/\/gumilar.si\/de\/wp-json\/wp\/v2\/types\/page"}],"author":[{"embeddable":true,"href":"https:\/\/gumilar.si\/de\/wp-json\/wp\/v2\/users\/1"}],"replies":[{"embeddable":true,"href":"https:\/\/gumilar.si\/de\/wp-json\/wp\/v2\/comments?post=366"}],"version-history":[{"count":3,"href":"https:\/\/gumilar.si\/de\/wp-json\/wp\/v2\/pages\/366\/revisions"}],"predecessor-version":[{"id":414,"href":"https:\/\/gumilar.si\/de\/wp-json\/wp\/v2\/pages\/366\/revisions\/414"}],"wp:attachment":[{"href":"https:\/\/gumilar.si\/de\/wp-json\/wp\/v2\/media?parent=366"}],"curies":[{"name":"wp","href":"https:\/\/api.w.org\/{rel}","templated":true}]}}